{"id":5,"date":"2021-06-11T17:33:16","date_gmt":"2021-06-11T17:33:16","guid":{"rendered":"http:\/\/www.kamerasamochodowa.pl\/?page_id=5"},"modified":"2025-02-04T07:54:52","modified_gmt":"2025-02-04T07:54:52","slug":"kamera-samochodowa","status":"publish","type":"page","link":"https:\/\/www.kamerasamochodowa.pl\/","title":{"rendered":"Kamera samochodowa"},"content":{"rendered":"\n<p>Witaj serdecznie na blogu <strong><a href=\"http:\/\/kamerasamochodowa.com\/\">kamera samochodowa<\/a><\/strong>, gdzie znajdziesz porady, rankingi, dane techniczne i wszystkie inne rzeczy, kt\u00f3re zwi\u0105zane s\u0105 z wideorejestratorami jazdy.<\/p>\n\n\n\n<p>Ogrom wideorejestrator\u00f3w na rynku sprawia, \u017ce ci\u0119\u017cko jest znale\u017a\u0107 idealny model. Jako, \u017ce na szybie czo\u0142owej w swoim aucie mia\u0142em ju\u017c niemal\u017ce wszystko postaram ci przybli\u017cy\u0107 ci ogrom wiedzy, kt\u00f3ra pozwoli na podj\u0119cie odpowiedniej decyzji.<\/p>\n\n\n\n<p>Pami\u0119taj, \u017ce zawsze mo\u017cesz si\u0119 zwr\u00f3ci\u0107 o porad\u0119 eksperck\u0105 pod numer telefonu 789 789 123 lub biuro@kamerasamochodowa.com<\/p>\n\n\n\n<p>\u017bycz\u0119 zawsze szerokiej drogi!<\/p>\n","protected":false},"excerpt":{"rendered":"<p>Witaj serdecznie na blogu kamera samochodowa, gdzie znajdziesz porady, rankingi, dane techniczne i wszystkie inne rzeczy, kt\u00f3re zwi\u0105zane s\u0105 z wideorejestratorami jazdy. Ogrom wideorejestrator\u00f3w na rynku sprawia, \u017ce ci\u0119\u017cko jest&#8230;<\/p>\n","protected":false},"author":1,"featured_media":28,"parent":0,"menu_order":0,"comment_status":"closed","ping_status":"closed","template":"","meta":[],"yoast_head":"<!-- This site is optimized with the Yoast SEO plugin v16.4 - https:\/\/yoast.com\/wordpress\/plugins\/seo\/ -->\n<title>Kamera samochodowa - wszystko o wideorejestratorach<\/title>\n<meta name=\"description\" content=\"Kamera samochodowa? Zobacz blog o wideorejestratorach. Sprawd\u017a koniecznie zanim dokonasz wyboru. Rankingi, porady, dane techniczne.\" \/>\n<meta name=\"robots\" content=\"index, follow, max-snippet:-1, max-image-preview:large, max-video-preview:-1\" \/>\n<link rel=\"canonical\" href=\"https:\/\/www.kamerasamochodowa.pl\/\" \/>\n<meta property=\"og:locale\" content=\"pl_PL\" \/>\n<meta property=\"og:type\" content=\"article\" \/>\n<meta property=\"og:title\" content=\"Kamera samochodowa - wszystko o wideorejestratorach\" \/>\n<meta property=\"og:description\" content=\"Kamera samochodowa? Zobacz blog o wideorejestratorach. Sprawd\u017a koniecznie zanim dokonasz wyboru. Rankingi, porady, dane techniczne.\" \/>\n<meta property=\"og:url\" content=\"https:\/\/www.kamerasamochodowa.pl\/\" \/>\n<meta property=\"og:site_name\" content=\"Kamera samochodowa\" \/>\n<meta property=\"article:modified_time\" content=\"2025-02-04T07:54:52+00:00\" \/>\n<meta property=\"og:image\" content=\"https:\/\/www.kamerasamochodowa.pl\/wp-content\/uploads\/2021\/06\/kamera-samochodowa.jpg\" \/>\n\t<meta property=\"og:image:width\" content=\"1722\" \/>\n\t<meta property=\"og:image:height\" content=\"1149\" \/>\n<meta name=\"twitter:card\" content=\"summary_large_image\" \/>\n<meta name=\"twitter:label1\" content=\"Szacowany czas czytania\" \/>\n\t<meta name=\"twitter:data1\" content=\"1 minuta\" \/>\n<script type=\"application\/ld+json\" class=\"yoast-schema-graph\">{\"@context\":\"https:\/\/schema.org\",\"@graph\":[{\"@type\":\"WebSite\",\"@id\":\"https:\/\/www.kamerasamochodowa.pl\/#website\",\"url\":\"https:\/\/www.kamerasamochodowa.pl\/\",\"name\":\"Kamera samochodowa\",\"description\":\"Kupujesz wideorejestrator? Zobacz co warto wiedzie\\u0107\",\"potentialAction\":[{\"@type\":\"SearchAction\",\"target\":\"https:\/\/www.kamerasamochodowa.pl\/?s={search_term_string}\",\"query-input\":\"required name=search_term_string\"}],\"inLanguage\":\"pl-PL\"},{\"@type\":\"ImageObject\",\"@id\":\"https:\/\/www.kamerasamochodowa.pl\/#primaryimage\",\"inLanguage\":\"pl-PL\",\"url\":\"https:\/\/www.kamerasamochodowa.pl\/wp-content\/uploads\/2021\/06\/kamera-samochodowa.jpg\",\"contentUrl\":\"https:\/\/www.kamerasamochodowa.pl\/wp-content\/uploads\/2021\/06\/kamera-samochodowa.jpg\",\"width\":1722,\"height\":1149,\"caption\":\"kamera samochodowa\"},{\"@type\":\"WebPage\",\"@id\":\"https:\/\/www.kamerasamochodowa.pl\/#webpage\",\"url\":\"https:\/\/www.kamerasamochodowa.pl\/\",\"name\":\"Kamera samochodowa - wszystko o wideorejestratorach\",\"isPartOf\":{\"@id\":\"https:\/\/www.kamerasamochodowa.pl\/#website\"},\"primaryImageOfPage\":{\"@id\":\"https:\/\/www.kamerasamochodowa.pl\/#primaryimage\"},\"datePublished\":\"2021-06-11T17:33:16+00:00\",\"dateModified\":\"2025-02-04T07:54:52+00:00\",\"description\":\"Kamera samochodowa? Zobacz blog o wideorejestratorach. Sprawd\\u017a koniecznie zanim dokonasz wyboru. Rankingi, porady, dane techniczne.\",\"breadcrumb\":{\"@id\":\"https:\/\/www.kamerasamochodowa.pl\/#breadcrumb\"},\"inLanguage\":\"pl-PL\",\"potentialAction\":[{\"@type\":\"ReadAction\",\"target\":[\"https:\/\/www.kamerasamochodowa.pl\/\"]}]},{\"@type\":\"BreadcrumbList\",\"@id\":\"https:\/\/www.kamerasamochodowa.pl\/#breadcrumb\",\"itemListElement\":[{\"@type\":\"ListItem\",\"position\":1,\"item\":{\"@type\":\"WebPage\",\"@id\":\"https:\/\/www.kamerasamochodowa.pl\/\",\"url\":\"https:\/\/www.kamerasamochodowa.pl\/\",\"name\":\"Strona g\\u0142\\u00f3wna\"}},{\"@type\":\"ListItem\",\"position\":2,\"item\":{\"@id\":\"https:\/\/www.kamerasamochodowa.pl\/#webpage\"}}]}]}<\/script>\n<!-- \/ Yoast SEO plugin. -->","_links":{"self":[{"href":"https:\/\/www.kamerasamochodowa.pl\/index.php?rest_route=\/wp\/v2\/pages\/5"}],"collection":[{"href":"https:\/\/www.kamerasamochodowa.pl\/index.php?rest_route=\/wp\/v2\/pages"}],"about":[{"href":"https:\/\/www.kamerasamochodowa.pl\/index.php?rest_route=\/wp\/v2\/types\/page"}],"author":[{"embeddable":true,"href":"https:\/\/www.kamerasamochodowa.pl\/index.php?rest_route=\/wp\/v2\/users\/1"}],"replies":[{"embeddable":true,"href":"https:\/\/www.kamerasamochodowa.pl\/index.php?rest_route=%2Fwp%2Fv2%2Fcomments&post=5"}],"version-history":[{"count":10,"href":"https:\/\/www.kamerasamochodowa.pl\/index.php?rest_route=\/wp\/v2\/pages\/5\/revisions"}],"predecessor-version":[{"id":79,"href":"https:\/\/www.kamerasamochodowa.pl\/index.php?rest_route=\/wp\/v2\/pages\/5\/revisions\/79"}],"wp:featuredmedia":[{"embeddable":true,"href":"https:\/\/www.kamerasamochodowa.pl\/index.php?rest_route=\/wp\/v2\/media\/28"}],"wp:attachment":[{"href":"https:\/\/www.kamerasamochodowa.pl\/index.php?rest_route=%2Fwp%2Fv2%2Fmedia&parent=5"}],"curies":[{"name":"wp","href":"https:\/\/api.w.org\/{rel}","templated":true}]}}